{"id":488,"date":"2023-07-21T11:01:48","date_gmt":"2023-07-21T09:01:48","guid":{"rendered":"http:\/\/aspyc56.com\/?page_id=488"},"modified":"2026-01-20T18:12:20","modified_gmt":"2026-01-20T17:12:20","slug":"trackdays","status":"publish","type":"page","link":"https:\/\/aspyc56.com\/index.php\/trackdays\/","title":{"rendered":"Trackdays"},"content":{"rendered":"<p><img loading=\"lazy\" decoding=\"async\" class=\"alignright\" src=\"http:\/\/aspyc56.com\/wp-content\/uploads\/2023\/07\/cropped-aspyc56-3-1-300x300.jpg\" width=\"61\" height=\"61\"><\/p>\n<p><strong>Venez rouler lors des&nbsp; journ\u00e9es circuit&nbsp; :<\/strong><\/p>\n<p>En 2026 nous vous proposons de participer \u00e0 une journ\u00e9e circuit organis\u00e9e par l&rsquo;AMCM&nbsp;<\/p>\n<p>le&nbsp; 16 mars 2026 sur le circuit de Loh\u00e9ac.<\/p>\n<p>Pour toute information sur cette journ\u00e9e, y compris inscription, contactez l&rsquo;AMCM&nbsp;&nbsp;<\/p>\n<p>&nbsp;<\/p>\n<p style=\"text-align: center;\"><img loading=\"lazy\" decoding=\"async\" class=\"alignnone size-medium wp-image-2130\" src=\"http:\/\/aspyc56.com\/wp-content\/uploads\/2025\/04\/Lohe00-290x300.jpeg\" alt=\"\" width=\"290\" height=\"300\" srcset=\"https:\/\/aspyc56.com\/wp-content\/uploads\/2025\/04\/Lohe00-290x300.jpeg 290w, https:\/\/aspyc56.com\/wp-content\/uploads\/2025\/04\/Lohe00-768x795.jpeg 768w, https:\/\/aspyc56.com\/wp-content\/uploads\/2025\/04\/Lohe00-230x238.jpeg 230w, https:\/\/aspyc56.com\/wp-content\/uploads\/2025\/04\/Lohe00-350x362.jpeg 350w, https:\/\/aspyc56.com\/wp-content\/uploads\/2025\/04\/Lohe00-480x497.jpeg 480w, https:\/\/aspyc56.com\/wp-content\/uploads\/2025\/04\/Lohe00.jpeg 920w\" sizes=\"auto, (max-width: 290px) 100vw, 290px\" \/> &nbsp;<\/p>\n<p>&nbsp;<\/p>\n<p><img loading=\"lazy\" decoding=\"async\" class=\"alignnone size-full wp-image-2453\" src=\"http:\/\/aspyc56.com\/wp-content\/uploads\/2025\/08\/Loh16-1.jpg\" alt=\"\" width=\"1600\" height=\"900\" srcset=\"https:\/\/aspyc56.com\/wp-content\/uploads\/2025\/08\/Loh16-1.jpg 1600w, https:\/\/aspyc56.com\/wp-content\/uploads\/2025\/08\/Loh16-1-300x169.jpg 300w, https:\/\/aspyc56.com\/wp-content\/uploads\/2025\/08\/Loh16-1-1024x576.jpg 1024w, https:\/\/aspyc56.com\/wp-content\/uploads\/2025\/08\/Loh16-1-768x432.jpg 768w, https:\/\/aspyc56.com\/wp-content\/uploads\/2025\/08\/Loh16-1-1536x864.jpg 1536w, https:\/\/aspyc56.com\/wp-content\/uploads\/2025\/08\/Loh16-1-1000x563.jpg 1000w, https:\/\/aspyc56.com\/wp-content\/uploads\/2025\/08\/Loh16-1-230x129.jpg 230w, https:\/\/aspyc56.com\/wp-content\/uploads\/2025\/08\/Loh16-1-350x197.jpg 350w, https:\/\/aspyc56.com\/wp-content\/uploads\/2025\/08\/Loh16-1-480x270.jpg 480w\" sizes=\"auto, (max-width: 1600px) 100vw, 1600px\" \/><\/p>\n<p>&nbsp;<\/p>\n<p><img loading=\"lazy\" decoding=\"async\" class=\"size-full wp-image-1687 aligncenter\" src=\"http:\/\/aspyc56.com\/wp-content\/uploads\/2024\/10\/telechargement.png\" alt=\"\" width=\"227\" height=\"222\"><\/p>\n<p>&nbsp;<\/p>\n<p>&nbsp;<\/p>\n<p><img loading=\"lazy\" decoding=\"async\" class=\"alignnone size-full wp-image-2454\" src=\"http:\/\/aspyc56.com\/wp-content\/uploads\/2025\/08\/Loh24.jpg\" alt=\"\" width=\"1600\" height=\"900\" srcset=\"https:\/\/aspyc56.com\/wp-content\/uploads\/2025\/08\/Loh24.jpg 1600w, https:\/\/aspyc56.com\/wp-content\/uploads\/2025\/08\/Loh24-300x169.jpg 300w, https:\/\/aspyc56.com\/wp-content\/uploads\/2025\/08\/Loh24-1024x576.jpg 1024w, https:\/\/aspyc56.com\/wp-content\/uploads\/2025\/08\/Loh24-768x432.jpg 768w, https:\/\/aspyc56.com\/wp-content\/uploads\/2025\/08\/Loh24-1536x864.jpg 1536w, https:\/\/aspyc56.com\/wp-content\/uploads\/2025\/08\/Loh24-1000x563.jpg 1000w, https:\/\/aspyc56.com\/wp-content\/uploads\/2025\/08\/Loh24-230x129.jpg 230w, https:\/\/aspyc56.com\/wp-content\/uploads\/2025\/08\/Loh24-350x197.jpg 350w, https:\/\/aspyc56.com\/wp-content\/uploads\/2025\/08\/Loh24-480x270.jpg 480w\" sizes=\"auto, (max-width: 1600px) 100vw, 1600px\" \/><\/p>\n\n\n<div class=\"wp-block-group alignfull has-text-color has-background is-layout-flow wp-block-group-is-layout-flow\" style=\"color:#000000;background-color:#ffffff\">\n<div style=\"height:64px\" aria-hidden=\"true\" class=\"wp-block-spacer\"><\/div>\n<\/div>\n\n\n\n<p><\/p>\n","protected":false},"excerpt":{"rendered":"<p>Venez rouler lors des&nbsp; journ\u00e9es circuit&nbsp; : En 2026 nous vous proposons de participer \u00e0 une journ\u00e9e circuit organis\u00e9e par l&rsquo;AMCM&nbsp; le&nbsp; [&hellip;]<\/p>\n","protected":false},"author":1,"featured_media":0,"parent":0,"menu_order":0,"comment_status":"closed","ping_status":"closed","template":"","meta":{"ngg_post_thumbnail":0,"footnotes":""},"class_list":["post-488","page","type-page","status-publish","hentry"],"_links":{"self":[{"href":"https:\/\/aspyc56.com\/index.php\/wp-json\/wp\/v2\/pages\/488","targetHints":{"allow":["GET"]}}],"collection":[{"href":"https:\/\/aspyc56.com\/index.php\/wp-json\/wp\/v2\/pages"}],"about":[{"href":"https:\/\/aspyc56.com\/index.php\/wp-json\/wp\/v2\/types\/page"}],"author":[{"embeddable":true,"href":"https:\/\/aspyc56.com\/index.php\/wp-json\/wp\/v2\/users\/1"}],"replies":[{"embeddable":true,"href":"https:\/\/aspyc56.com\/index.php\/wp-json\/wp\/v2\/comments?post=488"}],"version-history":[{"count":45,"href":"https:\/\/aspyc56.com\/index.php\/wp-json\/wp\/v2\/pages\/488\/revisions"}],"predecessor-version":[{"id":2772,"href":"https:\/\/aspyc56.com\/index.php\/wp-json\/wp\/v2\/pages\/488\/revisions\/2772"}],"wp:attachment":[{"href":"https:\/\/aspyc56.com\/index.php\/wp-json\/wp\/v2\/media?parent=488"}],"curies":[{"name":"wp","href":"https:\/\/api.w.org\/{rel}","templated":true}]}}