{"id":36,"date":"2023-07-21T08:08:28","date_gmt":"2023-07-21T06:08:28","guid":{"rendered":"http:\/\/aspyc56.com\/?page_id=36"},"modified":"2026-04-10T11:43:32","modified_gmt":"2026-04-10T09:43:32","slug":"evenements","status":"publish","type":"page","link":"https:\/\/aspyc56.com\/index.php\/evenements\/","title":{"rendered":"Ev\u00e8nements"},"content":{"rendered":"\n<h5 class=\"wp-block-heading\"><figure><img loading=\"lazy\" decoding=\"async\" width=\"61\" height=\"61\" class=\"wp-image-29 alignright\" src=\"http:\/\/aspyc56.com\/wp-content\/uploads\/2023\/07\/cropped-aspyc56-3-1-300x300.jpg\" alt=\"\" srcset=\"https:\/\/aspyc56.com\/wp-content\/uploads\/2023\/07\/cropped-aspyc56-3-1-300x300.jpg 300w, https:\/\/aspyc56.com\/wp-content\/uploads\/2023\/07\/cropped-aspyc56-3-1-150x150.jpg 150w, https:\/\/aspyc56.com\/wp-content\/uploads\/2023\/07\/cropped-aspyc56-3-1-230x230.jpg 230w, https:\/\/aspyc56.com\/wp-content\/uploads\/2023\/07\/cropped-aspyc56-3-1-350x350.jpg 350w, https:\/\/aspyc56.com\/wp-content\/uploads\/2023\/07\/cropped-aspyc56-3-1-480x480.jpg 480w, https:\/\/aspyc56.com\/wp-content\/uploads\/2023\/07\/cropped-aspyc56-3-1-270x270.jpg 270w, https:\/\/aspyc56.com\/wp-content\/uploads\/2023\/07\/cropped-aspyc56-3-1-192x192.jpg 192w, https:\/\/aspyc56.com\/wp-content\/uploads\/2023\/07\/cropped-aspyc56-3-1-180x180.jpg 180w, https:\/\/aspyc56.com\/wp-content\/uploads\/2023\/07\/cropped-aspyc56-3-1-32x32.jpg 32w, https:\/\/aspyc56.com\/wp-content\/uploads\/2023\/07\/cropped-aspyc56-3-1.jpg 512w\" sizes=\"auto, (max-width: 61px) 100vw, 61px\" \/><\/figure><\/h5>\n\n\n\n<p><\/p>\n\n\n\n<h4 class=\"wp-block-heading has-text-align-center\">&nbsp;<strong style=\"text-align: center; background-color: rgb(0, 0, 0);\">*** RASSEMBLEMENTS TOUS LES DERNIERS DIMANCHES DE CHAQUE MOIS <\/strong><span style=\"text-align: center; background-color: rgb(0, 0, 0);\">***<\/span><\/h4>\n\n\n\n<h5 class=\"wp-block-heading has-text-align-center\">Parking de l&rsquo;Intermarch\u00e9 du Poulfanc (S\u00e9n\u00e9), route de Nantes, de 10h \u00e0 12h, le caf\u00e9 est offert. Venez nombreux nous rendre visite, et exposer vos v\u00e9hicules, c&rsquo;est gratuit, et ouvert \u00e0 tous.<br><strong><mark style=\"background-color:rgba(0, 0, 0, 0)\" class=\"has-inline-color has-luminous-vivid-amber-color\">Prochain rdv : dimanche 29 mars 2026<\/mark><\/strong><\/h5>\n\n\n\n<h4 class=\"wp-block-heading has-text-align-center\"><br><strong>*** AGENDA DES SORTIES 2026 ***<\/strong><\/h4>\n\n\n\n<h5 class=\"wp-block-heading\"><em><strong><mark style=\"background-color:rgba(0, 0, 0, 0)\" class=\"has-inline-color has-luminous-vivid-amber-color\">Ev\u00e8nements 2026 \u00e0 venir :<\/mark><\/strong><\/em>&nbsp;<\/h5>\n\n\n\n<p>Cette liste s&rsquo;enrichit en cours d&rsquo;ann\u00e9e.<\/p>\n\n\n\n<p><\/p>\n\n\n\n<ul class=\"wp-block-list\">\n<li><mark style=\"background-color:rgba(0, 0, 0, 0);color:#ff6900\" class=\"has-inline-color\">25 &amp; 26 Avril : <strong>Vannes \/ Chorus<\/strong>,\u00a0 Les 1000 Soupapes<\/mark><\/li>\n\n\n\n<li><mark style=\"background-color:rgba(0, 0, 0, 0);color:#ff6900\" class=\"has-inline-color\">8 Mai : Escapade en c\u00f4te d&rsquo;Armor<\/mark><\/li>\n\n\n\n<li><mark style=\"background-color:rgba(0, 0, 0, 0);color:#ff6900\" class=\"has-inline-color\">9 &amp; 10 Mai :Slalom de <strong>Plouay<\/strong><\/mark><\/li>\n\n\n\n<li><mark style=\"background-color:rgba(0, 0, 0, 0);color:#ff6900\" class=\"has-inline-color\">24 Mai : Kervignac, Aspymobile, courses de caisses \u00e0 savon<\/mark><\/li>\n\n\n\n<li><mark style=\"background-color:rgba(0, 0, 0, 0);color:#ff6900\" class=\"has-inline-color\">30 &amp; 31 mai :<strong>Saint Gou\u00ebno<\/strong>, courses de c\u00f4te<\/mark><\/li>\n\n\n\n<li><mark style=\"background-color:rgba(0, 0, 0, 0);color:#ff6900\" class=\"has-inline-color\">6 Juin : <strong>Carquefou,&nbsp;<\/strong>Ch\u00e2teau de Maubreuil, concours d&rsquo;\u00e9l\u00e9gance et <strong>SAV<\/strong> simulateur.<\/mark><\/li>\n\n\n\n<li><mark style=\"background-color:rgba(0, 0, 0, 0);color:#ff6900\" class=\"has-inline-color\">7 Juin : <strong>Carquefou,<\/strong> <strong>Aspymobile, <\/strong>courses de caisse \u00e0 savon.<\/mark><\/li>\n\n\n\n<li><mark style=\"background-color:rgba(0, 0, 0, 0);color:#ff6900\" class=\"has-inline-color\">Juin :<strong>Beaumont \/ Nort-sur-Erdre<\/strong>, courses sur le \u201cPetit Chantilly\u201d Breton<\/mark><\/li>\n\n\n\n<li><mark style=\"background-color:rgba(0, 0, 0, 0);color:#ff6900\" class=\"has-inline-color\">13 &amp; 14 Juin :<strong>Plescop<\/strong>, les 24h du Mans du <strong>SAV <\/strong>&#8211; Simulation \u00e0 Vannes<\/mark><\/li>\n\n\n\n<li><mark style=\"background-color:rgba(0, 0, 0, 0);color:#ff6900\" class=\"has-inline-color\">20 &amp; 21 Juin : St Nolff, salon Vin &amp; Gourmandises<\/mark><\/li>\n\n\n\n<li><mark style=\"background-color:rgba(0, 0, 0, 0);color:#ff6900\" class=\"has-inline-color\">Juillet :Char \u00e0 voile \u00e0 <strong>Penthi\u00e8vre<\/strong><\/mark><\/li>\n\n\n\n<li><mark style=\"background-color:rgba(0, 0, 0, 0);color:#ff6900\" class=\"has-inline-color\">Juillet : Balade en Yole de Bantry dans le <strong>Golfe<\/strong><\/mark><\/li>\n\n\n\n<li><mark style=\"background-color:rgba(0, 0, 0, 0);color:#ff6900\" class=\"has-inline-color\">8 Ao\u00fbt :<strong>Vannes<\/strong>, jardins des remparts, concours d\u2019\u00e9l\u00e9gance, organisation <strong>VRC<\/strong><\/mark><\/li>\n\n\n\n<li><mark style=\"background-color:rgba(0, 0, 0, 0);color:#ff6900\" class=\"has-inline-color\">Ao\u00fbt : <strong>Arradon<\/strong>, f\u00eate de l\u2018\u00e9t\u00e9 de notre Club<\/mark><\/li>\n\n\n\n<li><mark style=\"background-color:rgba(0, 0, 0, 0);color:#ff6900\" class=\"has-inline-color\">Septembre :<strong>Caudan<\/strong>,<strong>Aspymobile, <\/strong>courses de caisse \u00e0 savon<\/mark><\/li>\n\n\n\n<li><mark style=\"background-color:rgba(0, 0, 0, 0);color:#ff6900\" class=\"has-inline-color\">12 &amp; 13 Septembre :Escapade&nbsp;de 2 jours en <strong>Finist\u00e8re.<\/strong><\/mark><\/li>\n\n\n\n<li><mark style=\"background-color:rgba(0, 0, 0, 0);color:#ff6900\" class=\"has-inline-color\">26 &amp; 27 Septembre :&nbsp;<strong>Vannes\/Meucon<\/strong>, les 100 ans de l&rsquo;a\u00e9rodrome, expo de 10 voitures d&rsquo;avant 1970.<\/mark><\/li>\n\n\n\n<li><mark style=\"background-color:rgba(0, 0, 0, 0);color:#ff6900\" class=\"has-inline-color\">Octobre :<strong>Noyal-Muzillac<\/strong>, Rallython<\/mark><\/li>\n\n\n\n<li><mark style=\"background-color:rgba(0, 0, 0, 0);color:#ff6900\" class=\"has-inline-color\">25 Octobre :<strong>S\u00e9n\u00e9<\/strong>, rassemblement mensuel et animations <strong>S\u00e9n\u00e9thon \/ T\u00e9l\u00e9thon<\/strong>&nbsp;<\/mark><\/li>\n\n\n\n<li><mark style=\"background-color:rgba(0, 0, 0, 0);color:#ff6900\" class=\"has-inline-color\">D\u00e9cembre :<strong>Vannes<\/strong>, Lumi\u00e8res et Tartiflette<\/mark><\/li>\n<\/ul>\n\n\n\n<p><strong><mark style=\"background-color:rgba(0, 0, 0, 0)\" class=\"has-inline-color has-luminous-vivid-amber-color\">Et toujours, nos rendez-vous mensuels de S\u00e9n\u00e9 quelle que soit la m\u00e9t\u00e9o !<\/mark><\/strong><\/p>\n\n\n\n<p>&#8212;&#8212;&#8212;&#8212;&#8212;&#8212;&#8212;&#8212;&#8212;&#8212;&#8212;&#8212;&#8212;&#8212;&#8212;&#8212;&#8212;&#8212;&#8212;&#8212;&#8212;&#8212;&#8212;&#8212;&#8212;&#8212;&#8212;&#8212;&#8212;&#8212;&#8212;&#8212;&#8212;&#8212;&#8212;&#8212;<\/p>\n\n\n\n<h5 class=\"wp-block-heading\"><strong><em>Ev\u00e8nements 2026 pass\u00e9s:<\/em><\/strong><\/h5>\n\n\n\n<ul class=\"wp-block-list\">\n<li>18 Janvier : Assembl\u00e9e G\u00e9n\u00e9rale annuelle, <mark style=\"background-color:rgba(0, 0, 0, 0)\" class=\"has-inline-color has-global-color-7-color\"><strong>**** Assembl\u00e9e G\u00e9n\u00e9rale et les 10 ans du Club<\/strong> ****<\/mark><\/li>\n\n\n\n<li><mark style=\"background-color:rgba(0, 0, 0, 0);color:#ffffff\" class=\"has-inline-color\">5 f\u00e9vrier : <strong>B\u00e9l\u00e9an \/ Ploeren<\/strong>, soir\u00e9e Chandeleur\/Mardi gras<\/mark><\/li>\n\n\n\n<li><mark style=\"background-color:rgba(0, 0, 0, 0)\" class=\"has-inline-color has-global-color-9-color\">16 mars : <strong>Loh\u00e9ac<\/strong> journ\u00e9e de roulage avec l\u2019AMCM<\/mark><\/li>\n\n\n\n<li><mark style=\"background-color:rgba(0, 0, 0, 0);color:#ffffff\" class=\"has-inline-color\">27 Mars : <strong>St Nazaire<\/strong> visite des ateliers d&rsquo;Airbus<\/mark><\/li>\n\n\n\n<li><mark style=\"background-color:rgba(0, 0, 0, 0);color:#ffffff\" class=\"has-inline-color\">5 Avril :<strong>Vannes,<\/strong> Urban Trail  th\u00e8me sur le d\u00e9patrt en vacances<\/mark><\/li>\n<\/ul>\n\n\n\n<p><\/p>\n\n\n\n<p><\/p>\n\n\n\n<p><\/p>\n\n\n\n<p><\/p>\n","protected":false},"excerpt":{"rendered":"<p>&nbsp;*** RASSEMBLEMENTS TOUS LES DERNIERS DIMANCHES DE CHAQUE MOIS *** Parking de l&rsquo;Intermarch\u00e9 du Poulfanc (S\u00e9n\u00e9), route de Nantes, de 10h \u00e0 [&hellip;]<\/p>\n","protected":false},"author":1,"featured_media":0,"parent":0,"menu_order":0,"comment_status":"closed","ping_status":"closed","template":"","meta":{"ngg_post_thumbnail":0,"footnotes":""},"class_list":["post-36","page","type-page","status-publish","hentry"],"_links":{"self":[{"href":"https:\/\/aspyc56.com\/index.php\/wp-json\/wp\/v2\/pages\/36","targetHints":{"allow":["GET"]}}],"collection":[{"href":"https:\/\/aspyc56.com\/index.php\/wp-json\/wp\/v2\/pages"}],"about":[{"href":"https:\/\/aspyc56.com\/index.php\/wp-json\/wp\/v2\/types\/page"}],"author":[{"embeddable":true,"href":"https:\/\/aspyc56.com\/index.php\/wp-json\/wp\/v2\/users\/1"}],"replies":[{"embeddable":true,"href":"https:\/\/aspyc56.com\/index.php\/wp-json\/wp\/v2\/comments?post=36"}],"version-history":[{"count":133,"href":"https:\/\/aspyc56.com\/index.php\/wp-json\/wp\/v2\/pages\/36\/revisions"}],"predecessor-version":[{"id":2950,"href":"https:\/\/aspyc56.com\/index.php\/wp-json\/wp\/v2\/pages\/36\/revisions\/2950"}],"wp:attachment":[{"href":"https:\/\/aspyc56.com\/index.php\/wp-json\/wp\/v2\/media?parent=36"}],"curies":[{"name":"wp","href":"https:\/\/api.w.org\/{rel}","templated":true}]}}