{"id":2,"date":"2023-07-20T14:26:32","date_gmt":"2023-07-20T12:26:32","guid":{"rendered":"http:\/\/aspyc56.com\/?page_id=2"},"modified":"2026-04-22T15:54:49","modified_gmt":"2026-04-22T13:54:49","slug":"page-d-exemple","status":"publish","type":"page","link":"https:\/\/aspyc56.com\/","title":{"rendered":"Club Auto Pays de Vannes"},"content":{"rendered":"<p><img loading=\"lazy\" decoding=\"async\" class=\"size-thumbnail wp-image-2581 alignright\" src=\"http:\/\/aspyc56.com\/wp-content\/uploads\/2025\/10\/cropped-Logo3-copie-1-150x150.jpg\" alt=\"\" width=\"150\" height=\"150\">ASPYC 56 se veut le lien commun \u00e0 tous ceux qui aiment les voitures de Collection, anciennes, sportives ou d&rsquo;exception.<\/p>\n<p>Cr\u00e9\u00e9e en janvier 2016 par Igor Kostia et Alain Brasseur, ASPYC qui signifie <em><strong><span class=\"il\">Automobiles<\/span><\/strong><\/em>&nbsp;<em><strong><span class=\"il\">Sportives<\/span><\/strong><\/em>, de <em><strong>Prestige<\/strong><\/em>, <em><strong>Youngtimers<\/strong><\/em> et de <em><strong>Collection<\/strong><\/em>, compte plus de 150 membres et plus de 300 v\u00e9hicules.<\/p>\n<p><img loading=\"lazy\" decoding=\"async\" class=\"size-medium wp-image-538 aligncenter\" src=\"http:\/\/aspyc56.com\/wp-content\/uploads\/2023\/07\/Photo-Igor-et-Alain-300x196.jpg\" alt=\"\" width=\"300\" height=\"196\" srcset=\"https:\/\/aspyc56.com\/wp-content\/uploads\/2023\/07\/Photo-Igor-et-Alain-300x196.jpg 300w, https:\/\/aspyc56.com\/wp-content\/uploads\/2023\/07\/Photo-Igor-et-Alain-768x501.jpg 768w, https:\/\/aspyc56.com\/wp-content\/uploads\/2023\/07\/Photo-Igor-et-Alain-1000x652.jpg 1000w, https:\/\/aspyc56.com\/wp-content\/uploads\/2023\/07\/Photo-Igor-et-Alain-230x150.jpg 230w, https:\/\/aspyc56.com\/wp-content\/uploads\/2023\/07\/Photo-Igor-et-Alain-350x228.jpg 350w, https:\/\/aspyc56.com\/wp-content\/uploads\/2023\/07\/Photo-Igor-et-Alain-480x313.jpg 480w, https:\/\/aspyc56.com\/wp-content\/uploads\/2023\/07\/Photo-Igor-et-Alain.jpg 1025w\" sizes=\"auto, (max-width: 300px) 100vw, 300px\" \/><\/p>\n<p>ASPYC 56 est aussi un lieu d&rsquo;accueil pour les Youngtimers, voitures de moins de trente ans. En effet, ce sont les voitures de Collection de demain qui, gr\u00e2ce \u00e0 vous, \u00e0 vos soins, resteront capables de donner du plaisir au quotidien. Alors, bonne route \u00e0 tous et bienvenue \u00e0 ceux qui vont nous rejoindre dans cette nouvelle aventure. ASPYC 56 EST OUVERT A TOUS.<\/p>\n<p>Que vous ayez une 205 GTI, une R5 gtl, une Alfa Romeo, une Citr\u00f6en CX, une M\u00e9gane RS, une Simca 1000, une Mercedes, une 106 S16, une Renault 16, une Golf GTI &#8230; Il y a une place pour vous !!&nbsp;<\/p>\n<p>&nbsp;Il faut commencer un jour. <a href=\"http:\/\/aspyc56.com\/index.php\/contact-et-inscription\/\">Rejoignez nous<\/a>.<\/p>\n<p style=\"text-align: center;\"><strong>Janvier 2026, le Club a 10 ans !<\/strong><\/p>\n<p><img loading=\"lazy\" decoding=\"async\" class=\"aligncenter size-medium wp-image-2775\" src=\"http:\/\/aspyc56.com\/wp-content\/uploads\/2026\/01\/Logo-Alpine-rouge-300x174.jpg\" alt=\"\" width=\"300\" height=\"174\" srcset=\"https:\/\/aspyc56.com\/wp-content\/uploads\/2026\/01\/Logo-Alpine-rouge-300x174.jpg 300w, https:\/\/aspyc56.com\/wp-content\/uploads\/2026\/01\/Logo-Alpine-rouge-768x446.jpg 768w, https:\/\/aspyc56.com\/wp-content\/uploads\/2026\/01\/Logo-Alpine-rouge-230x134.jpg 230w, https:\/\/aspyc56.com\/wp-content\/uploads\/2026\/01\/Logo-Alpine-rouge-350x203.jpg 350w, https:\/\/aspyc56.com\/wp-content\/uploads\/2026\/01\/Logo-Alpine-rouge-480x279.jpg 480w, https:\/\/aspyc56.com\/wp-content\/uploads\/2026\/01\/Logo-Alpine-rouge.jpg 930w\" sizes=\"auto, (max-width: 300px) 100vw, 300px\" \/><\/p>\n<p>La vid\u00e9o anniversaire est accessible via l&rsquo;espace Membres :&nbsp; <a href=\"https:\/\/aspyc56.com\/index.php\/531-2\/\"><strong>Acc\u00e8s \u00e0 la page&nbsp;<\/strong><\/a><\/p>\n<h4 style=\"text-align: center;\">&#8212;&#8212;&#8212;&#8212;&#8212;&#8212;&#8212;&#8212;&#8212;&#8212;&#8212;&#8212;&#8212;&#8212;<\/h4>\n<h3><strong>Actualit\u00e9s :<\/strong><\/h3>\n<p style=\"text-align: center;\"><strong>Gros week-end les 25 et 26 avril&nbsp; !<\/strong><\/p>\n<p><img loading=\"lazy\" decoding=\"async\" class=\"aligncenter size-full wp-image-2816\" src=\"http:\/\/aspyc56.com\/wp-content\/uploads\/2026\/03\/Les_Mille_Soupapes_2026.webp\" alt=\"\" width=\"587\" height=\"832\" srcset=\"https:\/\/aspyc56.com\/wp-content\/uploads\/2026\/03\/Les_Mille_Soupapes_2026.webp 587w, https:\/\/aspyc56.com\/wp-content\/uploads\/2026\/03\/Les_Mille_Soupapes_2026-212x300.webp 212w, https:\/\/aspyc56.com\/wp-content\/uploads\/2026\/03\/Les_Mille_Soupapes_2026-230x326.webp 230w, https:\/\/aspyc56.com\/wp-content\/uploads\/2026\/03\/Les_Mille_Soupapes_2026-350x496.webp 350w, https:\/\/aspyc56.com\/wp-content\/uploads\/2026\/03\/Les_Mille_Soupapes_2026-480x680.webp 480w\" sizes=\"auto, (max-width: 587px) 100vw, 587px\" \/><\/p>\n<pre><img loading=\"lazy\" decoding=\"async\" class=\"aligncenter size-full wp-image-2951\" src=\"http:\/\/aspyc56.com\/wp-content\/uploads\/2026\/04\/Copie-de-Rassemblement-mensuel.jpg\" alt=\"\" width=\"940\" height=\"788\" srcset=\"https:\/\/aspyc56.com\/wp-content\/uploads\/2026\/04\/Copie-de-Rassemblement-mensuel.jpg 940w, https:\/\/aspyc56.com\/wp-content\/uploads\/2026\/04\/Copie-de-Rassemblement-mensuel-300x251.jpg 300w, https:\/\/aspyc56.com\/wp-content\/uploads\/2026\/04\/Copie-de-Rassemblement-mensuel-768x644.jpg 768w, https:\/\/aspyc56.com\/wp-content\/uploads\/2026\/04\/Copie-de-Rassemblement-mensuel-230x193.jpg 230w, https:\/\/aspyc56.com\/wp-content\/uploads\/2026\/04\/Copie-de-Rassemblement-mensuel-350x293.jpg 350w, https:\/\/aspyc56.com\/wp-content\/uploads\/2026\/04\/Copie-de-Rassemblement-mensuel-480x402.jpg 480w\" sizes=\"auto, (max-width: 940px) 100vw, 940px\" \/><\/pre>\n<h4><img loading=\"lazy\" decoding=\"async\" class=\"aligncenter size-full wp-image-2961\" src=\"http:\/\/aspyc56.com\/wp-content\/uploads\/2026\/04\/Kervignac-.jpg\" alt=\"\" width=\"940\" height=\"788\" srcset=\"https:\/\/aspyc56.com\/wp-content\/uploads\/2026\/04\/Kervignac-.jpg 940w, https:\/\/aspyc56.com\/wp-content\/uploads\/2026\/04\/Kervignac--300x251.jpg 300w, https:\/\/aspyc56.com\/wp-content\/uploads\/2026\/04\/Kervignac--768x644.jpg 768w, https:\/\/aspyc56.com\/wp-content\/uploads\/2026\/04\/Kervignac--230x193.jpg 230w, https:\/\/aspyc56.com\/wp-content\/uploads\/2026\/04\/Kervignac--350x293.jpg 350w, https:\/\/aspyc56.com\/wp-content\/uploads\/2026\/04\/Kervignac--480x402.jpg 480w\" sizes=\"auto, (max-width: 940px) 100vw, 940px\" \/><\/h4>\n<h4><img loading=\"lazy\" decoding=\"async\" class=\"aligncenter size-large wp-image-2958\" src=\"http:\/\/aspyc56.com\/wp-content\/uploads\/2026\/04\/WhatsApp-Image-2026-04-14-at-18.30.13-724x1024.jpeg\" alt=\"\" width=\"724\" height=\"1024\" srcset=\"https:\/\/aspyc56.com\/wp-content\/uploads\/2026\/04\/WhatsApp-Image-2026-04-14-at-18.30.13-724x1024.jpeg 724w, https:\/\/aspyc56.com\/wp-content\/uploads\/2026\/04\/WhatsApp-Image-2026-04-14-at-18.30.13-212x300.jpeg 212w, https:\/\/aspyc56.com\/wp-content\/uploads\/2026\/04\/WhatsApp-Image-2026-04-14-at-18.30.13-768x1086.jpeg 768w, https:\/\/aspyc56.com\/wp-content\/uploads\/2026\/04\/WhatsApp-Image-2026-04-14-at-18.30.13-1000x1414.jpeg 1000w, https:\/\/aspyc56.com\/wp-content\/uploads\/2026\/04\/WhatsApp-Image-2026-04-14-at-18.30.13-230x325.jpeg 230w, https:\/\/aspyc56.com\/wp-content\/uploads\/2026\/04\/WhatsApp-Image-2026-04-14-at-18.30.13-350x495.jpeg 350w, https:\/\/aspyc56.com\/wp-content\/uploads\/2026\/04\/WhatsApp-Image-2026-04-14-at-18.30.13-480x679.jpeg 480w, https:\/\/aspyc56.com\/wp-content\/uploads\/2026\/04\/WhatsApp-Image-2026-04-14-at-18.30.13.jpeg 1080w\" sizes=\"auto, (max-width: 724px) 100vw, 724px\" \/><\/h4>\n<h4 style=\"text-align: center;\">&#8212;&#8212;&#8212;&#8212;&#8212;&#8212;&#8212;&#8212;&#8212;&#8212;&#8212;&#8212;&#8212;&#8212;<\/h4>\n<p style=\"text-align: center;\"><img loading=\"lazy\" decoding=\"async\" class=\"alignnone size-medium wp-image-2204 aligncenter\" src=\"http:\/\/aspyc56.com\/wp-content\/uploads\/2025\/06\/Limerzel3-225x300.jpg\" alt=\"\" width=\"225\" height=\"300\" srcset=\"https:\/\/aspyc56.com\/wp-content\/uploads\/2025\/06\/Limerzel3-225x300.jpg 225w, https:\/\/aspyc56.com\/wp-content\/uploads\/2025\/06\/Limerzel3-768x1024.jpg 768w, https:\/\/aspyc56.com\/wp-content\/uploads\/2025\/06\/Limerzel3-1152x1536.jpg 1152w, https:\/\/aspyc56.com\/wp-content\/uploads\/2025\/06\/Limerzel3-1000x1333.jpg 1000w, https:\/\/aspyc56.com\/wp-content\/uploads\/2025\/06\/Limerzel3-230x307.jpg 230w, https:\/\/aspyc56.com\/wp-content\/uploads\/2025\/06\/Limerzel3-350x467.jpg 350w, https:\/\/aspyc56.com\/wp-content\/uploads\/2025\/06\/Limerzel3-480x640.jpg 480w, https:\/\/aspyc56.com\/wp-content\/uploads\/2025\/06\/Limerzel3.jpg 1200w\" sizes=\"auto, (max-width: 225px) 100vw, 225px\" \/><\/p>\n<p style=\"text-align: center;\">D\u00e9couvrez la caisse \u00e0 savon du club ASPYC 56&nbsp; : <strong><a href=\"https:\/\/aspyc56.com\/index.php\/projet-aspymobile\/\">L&rsquo;ASPYMOBILE&nbsp;&nbsp;<\/a><\/strong><\/p>\n<p style=\"text-align: center;\">&nbsp; &nbsp; &nbsp; &nbsp;Retrouvez les vid\u00e9os des \u00e9v\u00e8nements sur l&rsquo;espace membres<\/p>\n<h4 style=\"text-align: center;\">&#8212;&#8212;&#8212;&#8212;&#8212;&#8212;&#8212;&#8212;&#8212;&#8212;&#8212;&#8212;&#8212;&#8212;<\/h4>\n<h4 style=\"text-align: center;\"><img loading=\"lazy\" decoding=\"async\" class=\"alignnone size-full wp-image-2401\" src=\"http:\/\/aspyc56.com\/wp-content\/uploads\/2025\/08\/Publication-Facebook-moodboard-tourisme-moderne-collage-photos-bleu-brun-2.jpg\" alt=\"\" width=\"940\" height=\"788\" srcset=\"https:\/\/aspyc56.com\/wp-content\/uploads\/2025\/08\/Publication-Facebook-moodboard-tourisme-moderne-collage-photos-bleu-brun-2.jpg 940w, https:\/\/aspyc56.com\/wp-content\/uploads\/2025\/08\/Publication-Facebook-moodboard-tourisme-moderne-collage-photos-bleu-brun-2-300x251.jpg 300w, https:\/\/aspyc56.com\/wp-content\/uploads\/2025\/08\/Publication-Facebook-moodboard-tourisme-moderne-collage-photos-bleu-brun-2-768x644.jpg 768w, https:\/\/aspyc56.com\/wp-content\/uploads\/2025\/08\/Publication-Facebook-moodboard-tourisme-moderne-collage-photos-bleu-brun-2-230x193.jpg 230w, https:\/\/aspyc56.com\/wp-content\/uploads\/2025\/08\/Publication-Facebook-moodboard-tourisme-moderne-collage-photos-bleu-brun-2-350x293.jpg 350w, https:\/\/aspyc56.com\/wp-content\/uploads\/2025\/08\/Publication-Facebook-moodboard-tourisme-moderne-collage-photos-bleu-brun-2-480x402.jpg 480w\" sizes=\"auto, (max-width: 940px) 100vw, 940px\" \/><\/h4>\n<h4>&nbsp;<\/h4>\n","protected":false},"excerpt":{"rendered":"<p>ASPYC 56 se veut le lien commun \u00e0 tous ceux qui aiment les voitures de Collection, anciennes, sportives ou d&rsquo;exception. Cr\u00e9\u00e9e en [&hellip;]<\/p>\n","protected":false},"author":1,"featured_media":0,"parent":0,"menu_order":0,"comment_status":"closed","ping_status":"open","template":"","meta":{"ngg_post_thumbnail":0,"footnotes":""},"class_list":["post-2","page","type-page","status-publish","hentry"],"_links":{"self":[{"href":"https:\/\/aspyc56.com\/index.php\/wp-json\/wp\/v2\/pages\/2","targetHints":{"allow":["GET"]}}],"collection":[{"href":"https:\/\/aspyc56.com\/index.php\/wp-json\/wp\/v2\/pages"}],"about":[{"href":"https:\/\/aspyc56.com\/index.php\/wp-json\/wp\/v2\/types\/page"}],"author":[{"embeddable":true,"href":"https:\/\/aspyc56.com\/index.php\/wp-json\/wp\/v2\/users\/1"}],"replies":[{"embeddable":true,"href":"https:\/\/aspyc56.com\/index.php\/wp-json\/wp\/v2\/comments?post=2"}],"version-history":[{"count":92,"href":"https:\/\/aspyc56.com\/index.php\/wp-json\/wp\/v2\/pages\/2\/revisions"}],"predecessor-version":[{"id":2967,"href":"https:\/\/aspyc56.com\/index.php\/wp-json\/wp\/v2\/pages\/2\/revisions\/2967"}],"wp:attachment":[{"href":"https:\/\/aspyc56.com\/index.php\/wp-json\/wp\/v2\/media?parent=2"}],"curies":[{"name":"wp","href":"https:\/\/api.w.org\/{rel}","templated":true}]}}