{"id":1946,"date":"2025-03-06T19:23:08","date_gmt":"2025-03-06T18:23:08","guid":{"rendered":"https:\/\/aspyc56.com\/?page_id=1946"},"modified":"2025-08-25T15:51:46","modified_gmt":"2025-08-25T13:51:46","slug":"projet-aspymobile","status":"publish","type":"page","link":"https:\/\/aspyc56.com\/index.php\/projet-aspymobile\/","title":{"rendered":"Projet Aspymobile"},"content":{"rendered":"\n<h2 class=\"wp-block-heading has-text-align-center\"><strong>Projet 2025 ASPYC 56 : \u00a0\u00bb L&rsquo;ASPYMOBILE \u00a0\u00bb <\/strong><\/h2>\n\n\n\n<figure class=\"wp-block-image size-large\"><img loading=\"lazy\" decoding=\"async\" width=\"1024\" height=\"577\" src=\"http:\/\/aspyc56.com\/wp-content\/uploads\/2025\/06\/Limerzel0-1024x577.jpg\" alt=\"\" class=\"wp-image-2208\" srcset=\"https:\/\/aspyc56.com\/wp-content\/uploads\/2025\/06\/Limerzel0-1024x577.jpg 1024w, https:\/\/aspyc56.com\/wp-content\/uploads\/2025\/06\/Limerzel0-300x169.jpg 300w, https:\/\/aspyc56.com\/wp-content\/uploads\/2025\/06\/Limerzel0-768x432.jpg 768w, https:\/\/aspyc56.com\/wp-content\/uploads\/2025\/06\/Limerzel0-1536x865.jpg 1536w, https:\/\/aspyc56.com\/wp-content\/uploads\/2025\/06\/Limerzel0-1000x563.jpg 1000w, https:\/\/aspyc56.com\/wp-content\/uploads\/2025\/06\/Limerzel0-230x130.jpg 230w, https:\/\/aspyc56.com\/wp-content\/uploads\/2025\/06\/Limerzel0-350x197.jpg 350w, https:\/\/aspyc56.com\/wp-content\/uploads\/2025\/06\/Limerzel0-480x270.jpg 480w, https:\/\/aspyc56.com\/wp-content\/uploads\/2025\/06\/Limerzel0.jpg 1600w\" sizes=\"auto, (max-width: 1024px) 100vw, 1024px\" \/><\/figure>\n\n\n\n<p>Dans le but de proposer une activit\u00e9 ludique aux membres les plus jeunes du club, et d&rsquo;attirer d\u2019autres (jeunes), le conseil d\u2019administration d\u2019ASPYC 56 a d\u00e9cid\u00e9 de construire une caisse \u00e0 savon pour participer \u00e0 des courses, nombreuses dans notre r\u00e9gion, avec les couleurs du club.<\/p>\n\n\n\n<p>Ce travail a \u00e9t\u00e9 confi\u00e9 au SAV (Simulation \u00e0 Vannes), ce groupe disposant d&rsquo;une bonne partie des capacit\u00e9s requises pour r\u00e9aliser un tel projet. Une petite \u00e9quipe, \u00e9manation du SAV, a \u00e9t\u00e9 form\u00e9e, rapidement \u00e9paul\u00e9e par quelques personnes, particuli\u00e8rement comp\u00e9tentes, ext\u00e9rieures au SAV.<\/p>\n\n\n\n<p>Ce projet est rentr\u00e9 en phase de conception depuis plusieurs semaines. Vous pourrez suivre, ci-dessous en images, les principales \u00e9tapes de construction de cette caisse \u00e0 savon nomm\u00e9e \u00ab&nbsp;l\u2019Aspymobile&nbsp;\u00bb. Nous enrichirons cette page au fil de l&rsquo;avancement.<\/p>\n\n\n\n<p>Pour d\u00e9marrer le projet, il fallait une base. Cette base a \u00e9t\u00e9 trouv\u00e9e sur le net, il s\u2019agit d\u2019une voiture \u00e0 p\u00e9dale. L\u2019avantage de cette voiture est qu\u2019elle est extr\u00eamement robuste, et comporte un syst\u00e8me de direction bien con\u00e7u. Cette voiture est d\u00e9montable en deux parties. Pour construire l\u2019Aspymobile, nous n\u2019avons gard\u00e9 que la partie avant, la partie situ\u00e9e \u00e0 droite de la fl\u00e8che rouge sur la photo suivante.<\/p>\n\n\n\n<figure class=\"wp-block-image aligncenter size-full is-resized\"><img loading=\"lazy\" decoding=\"async\" width=\"584\" height=\"331\" src=\"https:\/\/aspyc56.com\/wp-content\/uploads\/2025\/03\/APM0-1.jpg\" alt=\"\" class=\"wp-image-1951\" style=\"width:341px;height:auto\" srcset=\"https:\/\/aspyc56.com\/wp-content\/uploads\/2025\/03\/APM0-1.jpg 584w, https:\/\/aspyc56.com\/wp-content\/uploads\/2025\/03\/APM0-1-300x170.jpg 300w, https:\/\/aspyc56.com\/wp-content\/uploads\/2025\/03\/APM0-1-230x130.jpg 230w, https:\/\/aspyc56.com\/wp-content\/uploads\/2025\/03\/APM0-1-350x198.jpg 350w, https:\/\/aspyc56.com\/wp-content\/uploads\/2025\/03\/APM0-1-480x272.jpg 480w\" sizes=\"auto, (max-width: 584px) 100vw, 584px\" \/><\/figure>\n\n\n\n<p>Profil\u00e9s rectangulaires, corni\u00e8res, ronds pleins, tubes, tiges, t\u00f4les, plats, de diff\u00e9rentes dimensions ont \u00e9t\u00e9 coup\u00e9s, meul\u00e9s, \u00e9barb\u00e9s, polis, frais\u00e9s, perc\u00e9s, chanfrein\u00e9s, taraud\u00e9s, soud\u00e9s, d\u00e9form\u00e9s tout au long du processus de fabrication&#8230;<\/p>\n\n\n\n<figure class=\"wp-block-image aligncenter size-full is-resized\"><img loading=\"lazy\" decoding=\"async\" width=\"539\" height=\"718\" src=\"https:\/\/aspyc56.com\/wp-content\/uploads\/2025\/03\/APM8.jpg\" alt=\"\" class=\"wp-image-1957\" style=\"width:174px;height:auto\" srcset=\"https:\/\/aspyc56.com\/wp-content\/uploads\/2025\/03\/APM8.jpg 539w, https:\/\/aspyc56.com\/wp-content\/uploads\/2025\/03\/APM8-225x300.jpg 225w, https:\/\/aspyc56.com\/wp-content\/uploads\/2025\/03\/APM8-230x306.jpg 230w, https:\/\/aspyc56.com\/wp-content\/uploads\/2025\/03\/APM8-350x466.jpg 350w, https:\/\/aspyc56.com\/wp-content\/uploads\/2025\/03\/APM8-480x639.jpg 480w\" sizes=\"auto, (max-width: 539px) 100vw, 539px\" \/><\/figure>\n\n\n\n<p>Comme indiqu\u00e9 pr\u00e9c\u00e9demment, la fabrication du ch\u00e2ssis repose sur du soudage. Heureusement, un membre de l\u2019\u00e9quipe a un p\u00e8re \u00e0 la fois bon soudeur, et volontaire pour participer au projet.<\/p>\n\n\n\n<figure class=\"wp-block-image aligncenter size-full\"><img loading=\"lazy\" decoding=\"async\" width=\"602\" height=\"237\" src=\"https:\/\/aspyc56.com\/wp-content\/uploads\/2025\/03\/APM41-1.jpg\" alt=\"\" class=\"wp-image-1969\" srcset=\"https:\/\/aspyc56.com\/wp-content\/uploads\/2025\/03\/APM41-1.jpg 602w, https:\/\/aspyc56.com\/wp-content\/uploads\/2025\/03\/APM41-1-300x118.jpg 300w, https:\/\/aspyc56.com\/wp-content\/uploads\/2025\/03\/APM41-1-230x91.jpg 230w, https:\/\/aspyc56.com\/wp-content\/uploads\/2025\/03\/APM41-1-350x138.jpg 350w, https:\/\/aspyc56.com\/wp-content\/uploads\/2025\/03\/APM41-1-480x189.jpg 480w\" sizes=\"auto, (max-width: 602px) 100vw, 602px\" \/><\/figure>\n\n\n\n<p> La pi\u00e8ce maitresse du train arri\u00e8re est une barre transversale. Pour une question de simplicit\u00e9 de fabrication, le choix du ch\u00e2ssis s\u2019est port\u00e9 sur un ch\u00e2ssis poutre, comme sur une Berlinette Alpine-Renault des ann\u00e9es 60&nbsp;!<\/p>\n\n\n\n<p>Depuis le d\u00e9but de l&rsquo;aventure, super ambiance dans l&rsquo;atelier et surtout super \u00e9quipe !<\/p>\n\n\n\n<figure class=\"wp-block-image aligncenter size-full is-resized\"><img loading=\"lazy\" decoding=\"async\" width=\"454\" height=\"340\" src=\"https:\/\/aspyc56.com\/wp-content\/uploads\/2025\/03\/APM43.jpg\" alt=\"\" class=\"wp-image-1970\" style=\"width:385px;height:auto\" srcset=\"https:\/\/aspyc56.com\/wp-content\/uploads\/2025\/03\/APM43.jpg 454w, https:\/\/aspyc56.com\/wp-content\/uploads\/2025\/03\/APM43-300x225.jpg 300w, https:\/\/aspyc56.com\/wp-content\/uploads\/2025\/03\/APM43-230x172.jpg 230w, https:\/\/aspyc56.com\/wp-content\/uploads\/2025\/03\/APM43-350x262.jpg 350w\" sizes=\"auto, (max-width: 454px) 100vw, 454px\" \/><\/figure>\n\n\n\n<p>C\u2019est un leitmotiv, mais je le r\u00e9p\u00e8te encore, une des lignes directrices de la conception de l\u2019Aspymobile est la s\u00e9curit\u00e9. Un corolaire est de construire une voiture donc solide qui prot\u00e8gera le pilote en cas de choc. Aussi, on ne l\u00e9sinera pas sur les nombres et longueurs de soudure ainsi que sur la pose de renforts des bras support de roue vu qu\u2019ils travaillent en porte \u00e0 faux.<\/p>\n\n\n\n<p>Apr\u00e8s  de longues phases de conception, montage, tests, ajustements  de tous les \u00e9l\u00e9ments du chassis :  trains avant, arri\u00e8re, roues, freins, renforts, assise &#8230; , il est pr\u00eat pour le passage en peinture :<\/p>\n\n\n\n<figure class=\"wp-block-image aligncenter size-full is-resized\"><img loading=\"lazy\" decoding=\"async\" width=\"269\" height=\"366\" src=\"https:\/\/aspyc56.com\/wp-content\/uploads\/2025\/04\/Aspy002-1.jpg\" alt=\"\" class=\"wp-image-2093\" style=\"width:189px;height:auto\" srcset=\"https:\/\/aspyc56.com\/wp-content\/uploads\/2025\/04\/Aspy002-1.jpg 269w, https:\/\/aspyc56.com\/wp-content\/uploads\/2025\/04\/Aspy002-1-220x300.jpg 220w, https:\/\/aspyc56.com\/wp-content\/uploads\/2025\/04\/Aspy002-1-230x313.jpg 230w\" sizes=\"auto, (max-width: 269px) 100vw, 269px\" \/><\/figure>\n\n\n\n<p>La fabrication du ch\u00e2ssis est, maintenant, consid\u00e9r\u00e9e comme termin\u00e9e.<\/p>\n\n\n\n<figure class=\"wp-block-image aligncenter size-full\"><img loading=\"lazy\" decoding=\"async\" width=\"301\" height=\"220\" src=\"https:\/\/aspyc56.com\/wp-content\/uploads\/2025\/04\/Aspy003-1.jpg\" alt=\"\" class=\"wp-image-2095\" srcset=\"https:\/\/aspyc56.com\/wp-content\/uploads\/2025\/04\/Aspy003-1.jpg 301w, https:\/\/aspyc56.com\/wp-content\/uploads\/2025\/04\/Aspy003-1-230x168.jpg 230w\" sizes=\"auto, (max-width: 301px) 100vw, 301px\" \/><\/figure>\n\n\n\n<p class=\"has-text-align-center\">*<strong>**** Et pr\u00e9sentation officielle du ch\u00e2ssis de l&rsquo;Aspymobile en premi\u00e8re mondiale (et premiers tours de roue), le 30 Mars 2025 lors du rassemblement mensuel d\u2019ASPYC 56. *****<\/strong><\/p>\n\n\n\n<figure class=\"wp-block-image aligncenter size-full is-resized\"><img loading=\"lazy\" decoding=\"async\" width=\"217\" height=\"261\" src=\"http:\/\/aspyc56.com\/wp-content\/uploads\/2025\/04\/Aspy00.jpg\" alt=\"\" class=\"wp-image-2091\" style=\"width:217px;height:auto\"\/><\/figure>\n\n\n\n<p>20 Mai 2025 : L&rsquo;Aspymobile a pass\u00e9 le contr\u00f4le technique haut la main, la qualit\u00e9 de la r\u00e9alisation de la caisse a impressionn\u00e9 les organisateurs de sa future premi\u00e8re course. Elle a son num\u00e9ro de course maintenant (le 33) et est impatiente d&rsquo;en d\u00e9coudre le 8  juin \u00e0 Limerzel .<\/p>\n\n\n\n<figure class=\"wp-block-image aligncenter size-full is-resized\"><img loading=\"lazy\" decoding=\"async\" width=\"650\" height=\"384\" src=\"http:\/\/aspyc56.com\/wp-content\/uploads\/2025\/05\/Aspymobile_-removebg-preview-Photoroom.png\" alt=\"\" class=\"wp-image-2171\" style=\"width:459px;height:auto\" srcset=\"https:\/\/aspyc56.com\/wp-content\/uploads\/2025\/05\/Aspymobile_-removebg-preview-Photoroom.png 650w, https:\/\/aspyc56.com\/wp-content\/uploads\/2025\/05\/Aspymobile_-removebg-preview-Photoroom-300x177.png 300w, https:\/\/aspyc56.com\/wp-content\/uploads\/2025\/05\/Aspymobile_-removebg-preview-Photoroom-230x136.png 230w, https:\/\/aspyc56.com\/wp-content\/uploads\/2025\/05\/Aspymobile_-removebg-preview-Photoroom-350x207.png 350w, https:\/\/aspyc56.com\/wp-content\/uploads\/2025\/05\/Aspymobile_-removebg-preview-Photoroom-480x284.png 480w\" sizes=\"auto, (max-width: 650px) 100vw, 650px\" \/><\/figure>\n\n\n\n<p>Et 1\u00e8re sortie ce dimanche 8 juin \u00e0 Limerzel !<\/p>\n\n\n\n<div class=\"wp-block-media-text is-stacked-on-mobile\"><figure class=\"wp-block-media-text__media\"><img loading=\"lazy\" decoding=\"async\" width=\"768\" height=\"1024\" src=\"http:\/\/aspyc56.com\/wp-content\/uploads\/2025\/06\/Limerzel3-1-768x1024.jpg\" alt=\"\" class=\"wp-image-2207 size-full\" srcset=\"https:\/\/aspyc56.com\/wp-content\/uploads\/2025\/06\/Limerzel3-1-768x1024.jpg 768w, https:\/\/aspyc56.com\/wp-content\/uploads\/2025\/06\/Limerzel3-1-225x300.jpg 225w, https:\/\/aspyc56.com\/wp-content\/uploads\/2025\/06\/Limerzel3-1-1152x1536.jpg 1152w, https:\/\/aspyc56.com\/wp-content\/uploads\/2025\/06\/Limerzel3-1-1000x1333.jpg 1000w, https:\/\/aspyc56.com\/wp-content\/uploads\/2025\/06\/Limerzel3-1-230x307.jpg 230w, https:\/\/aspyc56.com\/wp-content\/uploads\/2025\/06\/Limerzel3-1-350x467.jpg 350w, https:\/\/aspyc56.com\/wp-content\/uploads\/2025\/06\/Limerzel3-1-480x640.jpg 480w, https:\/\/aspyc56.com\/wp-content\/uploads\/2025\/06\/Limerzel3-1.jpg 1200w\" sizes=\"auto, (max-width: 768px) 100vw, 768px\" \/><\/figure><div class=\"wp-block-media-text__content\">\n<p>Cette toute premi\u00e8re course s&rsquo;est  bien pass\u00e9e, et a permis le recueil de remarques pour des \u00e9volutions techniques \u00e0 venir :<\/p>\n\n\n\n<p>L&rsquo;installation d&rsquo;une ligne de tractage, d&rsquo;un coupe-vent, et le changement des roues ont, d\u00e9j\u00e0, pu \u00eatre assur\u00e9s pendant cette saison de courses.<\/p>\n<\/div><\/div>\n\n\n\n<div class=\"wp-block-media-text is-stacked-on-mobile\"><figure class=\"wp-block-media-text__media\"><img loading=\"lazy\" decoding=\"async\" width=\"454\" height=\"281\" src=\"https:\/\/aspyc56.com\/wp-content\/uploads\/2025\/07\/Aspy0725.jpg\" alt=\"\" class=\"wp-image-2324 size-full\" srcset=\"https:\/\/aspyc56.com\/wp-content\/uploads\/2025\/07\/Aspy0725.jpg 454w, https:\/\/aspyc56.com\/wp-content\/uploads\/2025\/07\/Aspy0725-300x186.jpg 300w, https:\/\/aspyc56.com\/wp-content\/uploads\/2025\/07\/Aspy0725-230x142.jpg 230w, https:\/\/aspyc56.com\/wp-content\/uploads\/2025\/07\/Aspy0725-350x217.jpg 350w\" sizes=\"auto, (max-width: 454px) 100vw, 454px\" \/><\/figure><div class=\"wp-block-media-text__content\">\n<p>D\u2019origine les roues avant \u00e9taient des roues de scooter (Peugeot) de 16 pouces. Suite au sous-virage not\u00e9 lors de la course de Limerzel, ces roues ont \u00e9t\u00e9 remplac\u00e9es par des roues de char \u00e0 voile, plus petites (\u00e9quivalentes \u00e0 du 10 pouces) mais plus larges (4 pouces contre 2,5 pouces) et plus l\u00e9g\u00e8res (plastique au lieu d\u2019Aluminium).<\/p>\n<\/div><\/div>\n\n\n\n<p>Le dossier technique complet est accessible aux adh\u00e9rents du club, via <a href=\"https:\/\/aspyc56.com\/index.php\/531-2\/\" data-type=\"page\" data-id=\"531\">l&rsquo;espace membres.<\/a><\/p>\n","protected":false},"excerpt":{"rendered":"<p>Projet 2025 ASPYC 56 : \u00a0\u00bb L&rsquo;ASPYMOBILE \u00a0\u00bb Dans le but de proposer une activit\u00e9 ludique aux membres les plus jeunes du [&hellip;]<\/p>\n","protected":false},"author":2,"featured_media":0,"parent":0,"menu_order":0,"comment_status":"closed","ping_status":"closed","template":"","meta":{"ngg_post_thumbnail":0,"footnotes":""},"class_list":["post-1946","page","type-page","status-publish","hentry"],"_links":{"self":[{"href":"https:\/\/aspyc56.com\/index.php\/wp-json\/wp\/v2\/pages\/1946","targetHints":{"allow":["GET"]}}],"collection":[{"href":"https:\/\/aspyc56.com\/index.php\/wp-json\/wp\/v2\/pages"}],"about":[{"href":"https:\/\/aspyc56.com\/index.php\/wp-json\/wp\/v2\/types\/page"}],"author":[{"embeddable":true,"href":"https:\/\/aspyc56.com\/index.php\/wp-json\/wp\/v2\/users\/2"}],"replies":[{"embeddable":true,"href":"https:\/\/aspyc56.com\/index.php\/wp-json\/wp\/v2\/comments?post=1946"}],"version-history":[{"count":21,"href":"https:\/\/aspyc56.com\/index.php\/wp-json\/wp\/v2\/pages\/1946\/revisions"}],"predecessor-version":[{"id":2325,"href":"https:\/\/aspyc56.com\/index.php\/wp-json\/wp\/v2\/pages\/1946\/revisions\/2325"}],"wp:attachment":[{"href":"https:\/\/aspyc56.com\/index.php\/wp-json\/wp\/v2\/media?parent=1946"}],"curies":[{"name":"wp","href":"https:\/\/api.w.org\/{rel}","templated":true}]}}